{"id":102,"date":"2022-04-13T14:07:11","date_gmt":"2022-04-13T12:07:11","guid":{"rendered":"https:\/\/www.louisfuhrmann.fr\/?page_id=102"},"modified":"2024-07-19T12:32:15","modified_gmt":"2024-07-19T10:32:15","slug":"services-proposes","status":"publish","type":"page","link":"https:\/\/www.louisfuhrmann.fr\/?page_id=102","title":{"rendered":"Services propos\u00e9s"},"content":{"rendered":"\n<p><\/p>\n\n\n\n<p><\/p>\n\n\n\n<div class=\"wp-block-group\"><div class=\"wp-block-group__inner-container is-layout-flow wp-block-group-is-layout-flow\">\n<p class=\"has-text-align-center has-palette-3-color has-text-color\" style=\"font-size:35px\"><strong>Neuf ou r\u00e9novation<\/strong><br>Int\u00e9rieur \/ Ext\u00e9rieur<\/p>\n<\/div><\/div>\n\n\n\n<ul style=\"background:linear-gradient(135deg,rgb(254,205,165) 0%,rgb(254,45,45) 50%,rgb(0,0,0) 100%);font-size:20px\" class=\"wp-block-list has-palette-2-color has-text-color has-background\">\n<li><strong>Ma\u00e7onnerie tous mat\u00e9riaux<\/strong><\/li>\n\n\n\n<li><strong>Pavage\/Dallage<\/strong><\/li>\n\n\n\n<li><strong>All\u00e9es et terrasses<\/strong><\/li>\n\n\n\n<li><strong>Cl\u00f4tures<\/strong><\/li>\n\n\n\n<li><strong>Isolation<\/strong> <strong>int\u00e9rieure<\/strong> <\/li>\n\n\n\n<li><strong>Carrelage<\/strong><\/li>\n\n\n\n<li><strong>Sanitaire<\/strong><\/li>\n\n\n\n<li><strong>Pl\u00e2trerie<\/strong><\/li>\n<\/ul>\n\n\n\n<p class=\"has-text-align-center has-palette-3-color has-text-color\" style=\"font-size:20px\"><br>Nous sommes \u00e0 votre disposition pour toutes demandes personnalis\u00e9es<\/p>\n\n\n\n<h2 class=\"wp-block-heading\"><\/h2>\n\n\n\n<div class=\"wp-block-buttons is-content-justification-center is-layout-flex wp-container-core-buttons-is-layout-a89b3969 wp-block-buttons-is-layout-flex\">\n<div class=\"wp-block-button\"><a class=\"wp-block-button__link wp-element-button\" href=\"https:\/\/www.louisfuhrmann.fr\/?page_id=117\">demAnde de devis<\/a><\/div>\n<\/div>\n","protected":false},"excerpt":{"rendered":"<div class=\"entry-summary\">\nNeuf ou r\u00e9novationInt\u00e9rieur \/ Ext\u00e9rieur Nous sommes \u00e0 votre disposition pour toutes demandes personnalis\u00e9es\n<\/div>\n<div class=\"link-more-container\"><a href=\"https:\/\/www.louisfuhrmann.fr\/?page_id=102\" class=\"link-more\" aria-label=\"Continue reading Services propos\u00e9s\">Continue reading&hellip;<\/a><\/div>\n","protected":false},"author":1,"featured_media":0,"parent":0,"menu_order":0,"comment_status":"closed","ping_status":"closed","template":"","meta":{"footnotes":""},"class_list":["post-102","page","type-page","status-publish","hentry","entry","entry-type-page"],"_links":{"self":[{"href":"https:\/\/www.louisfuhrmann.fr\/index.php?rest_route=\/wp\/v2\/pages\/102","targetHints":{"allow":["GET"]}}],"collection":[{"href":"https:\/\/www.louisfuhrmann.fr\/index.php?rest_route=\/wp\/v2\/pages"}],"about":[{"href":"https:\/\/www.louisfuhrmann.fr\/index.php?rest_route=\/wp\/v2\/types\/page"}],"author":[{"embeddable":true,"href":"https:\/\/www.louisfuhrmann.fr\/index.php?rest_route=\/wp\/v2\/users\/1"}],"replies":[{"embeddable":true,"href":"https:\/\/www.louisfuhrmann.fr\/index.php?rest_route=%2Fwp%2Fv2%2Fcomments&post=102"}],"version-history":[{"count":19,"href":"https:\/\/www.louisfuhrmann.fr\/index.php?rest_route=\/wp\/v2\/pages\/102\/revisions"}],"predecessor-version":[{"id":669,"href":"https:\/\/www.louisfuhrmann.fr\/index.php?rest_route=\/wp\/v2\/pages\/102\/revisions\/669"}],"wp:attachment":[{"href":"https:\/\/www.louisfuhrmann.fr\/index.php?rest_route=%2Fwp%2Fv2%2Fmedia&parent=102"}],"curies":[{"name":"wp","href":"https:\/\/api.w.org\/{rel}","templated":true}]}}